{"id":432,"date":"2015-09-22T16:48:39","date_gmt":"2015-09-22T15:48:39","guid":{"rendered":"http:\/\/ete-electricite.fr\/en\/sanitaire-social\/"},"modified":"2020-11-18T15:23:54","modified_gmt":"2020-11-18T14:23:54","slug":"travaux-electriques-sanitaire-social","status":"publish","type":"page","link":"https:\/\/ete-electricite.fr\/en\/travaux-electriques-sanitaire-social\/","title":{"rendered":"Travaux \u00e9lectriques Sanitaire et Social"},"content":{"rendered":"","protected":false},"excerpt":{"rendered":"","protected":false},"author":1,"featured_media":0,"parent":0,"menu_order":0,"comment_status":"closed","ping_status":"closed","template":"","meta":[],"yoast_head":"<!-- This site is optimized with the Yoast SEO plugin v15.4 - https:\/\/yoast.com\/wordpress\/plugins\/seo\/ -->\n<title>Travaux \u00e9lectriques Sanitaire et Social - Travaux d&#039;\u00e9lectricit\u00e9<\/title>\n<meta name=\"description\" content=\"Travaux \u00e9lectriques Sanitaire et Social - Maisons de retraite - Centres hospitaliers - Installations \u00e9lectriques - Lits m\u00e9dicalis\u00e9s - Rideaux \u00e9lectriques\" \/>\n<meta name=\"robots\" content=\"index, follow, max-snippet:-1, max-image-preview:large, max-video-preview:-1\" \/>\n<link rel=\"canonical\" href=\"https:\/\/ete-electricite.fr\/en\/travaux-electriques-sanitaire-social\/\" \/>\n<meta property=\"og:locale\" content=\"en_US\" \/>\n<meta property=\"og:type\" content=\"article\" \/>\n<meta property=\"og:title\" content=\"Travaux \u00e9lectriques Sanitaire et Social - Travaux d&#039;\u00e9lectricit\u00e9\" \/>\n<meta property=\"og:description\" content=\"Travaux \u00e9lectriques Sanitaire et Social - Maisons de retraite - Centres hospitaliers - Installations \u00e9lectriques - Lits m\u00e9dicalis\u00e9s - Rideaux \u00e9lectriques\" \/>\n<meta property=\"og:url\" content=\"https:\/\/ete-electricite.fr\/en\/travaux-electriques-sanitaire-social\/\" \/>\n<meta property=\"og:site_name\" content=\"Entreprise Travaux Electriques\" \/>\n<meta property=\"article:modified_time\" content=\"2020-11-18T14:23:54+00:00\" \/>\n<meta name=\"twitter:card\" content=\"summary\" \/>\n<meta name=\"twitter:label1\" content=\"Written by\">\n\t<meta name=\"twitter:data1\" content=\"OneDay\">\n<script type=\"application\/ld+json\" class=\"yoast-schema-graph\">{\"@context\":\"https:\/\/schema.org\",\"@graph\":[{\"@type\":\"WebSite\",\"@id\":\"http:\/\/ete-electricite.fr\/#website\",\"url\":\"http:\/\/ete-electricite.fr\/\",\"name\":\"Entreprise Travaux Electriques\",\"description\":\"Un site utilisant WordPress\",\"potentialAction\":[{\"@type\":\"SearchAction\",\"target\":\"http:\/\/ete-electricite.fr\/?s={search_term_string}\",\"query-input\":\"required name=search_term_string\"}],\"inLanguage\":\"en-US\"},{\"@type\":\"WebPage\",\"@id\":\"https:\/\/ete-electricite.fr\/en\/travaux-electriques-sanitaire-social\/#webpage\",\"url\":\"https:\/\/ete-electricite.fr\/en\/travaux-electriques-sanitaire-social\/\",\"name\":\"Travaux \\u00e9lectriques Sanitaire et Social - Travaux d'\\u00e9lectricit\\u00e9\",\"isPartOf\":{\"@id\":\"http:\/\/ete-electricite.fr\/#website\"},\"datePublished\":\"2015-09-22T15:48:39+00:00\",\"dateModified\":\"2020-11-18T14:23:54+00:00\",\"description\":\"Travaux \\u00e9lectriques Sanitaire et Social - Maisons de retraite - Centres hospitaliers - Installations \\u00e9lectriques - Lits m\\u00e9dicalis\\u00e9s - Rideaux \\u00e9lectriques\",\"inLanguage\":\"en-US\",\"potentialAction\":[{\"@type\":\"ReadAction\",\"target\":[\"https:\/\/ete-electricite.fr\/en\/travaux-electriques-sanitaire-social\/\"]}]}]}<\/script>\n<!-- \/ Yoast SEO plugin. -->","_links":{"self":[{"href":"https:\/\/ete-electricite.fr\/en\/wp-json\/wp\/v2\/pages\/432"}],"collection":[{"href":"https:\/\/ete-electricite.fr\/en\/wp-json\/wp\/v2\/pages"}],"about":[{"href":"https:\/\/ete-electricite.fr\/en\/wp-json\/wp\/v2\/types\/page"}],"author":[{"embeddable":true,"href":"https:\/\/ete-electricite.fr\/en\/wp-json\/wp\/v2\/users\/1"}],"replies":[{"embeddable":true,"href":"https:\/\/ete-electricite.fr\/en\/wp-json\/wp\/v2\/comments?post=432"}],"version-history":[{"count":3,"href":"https:\/\/ete-electricite.fr\/en\/wp-json\/wp\/v2\/pages\/432\/revisions"}],"predecessor-version":[{"id":569,"href":"https:\/\/ete-electricite.fr\/en\/wp-json\/wp\/v2\/pages\/432\/revisions\/569"}],"wp:attachment":[{"href":"https:\/\/ete-electricite.fr\/en\/wp-json\/wp\/v2\/media?parent=432"}],"curies":[{"name":"wp","href":"https:\/\/api.w.org\/{rel}","templated":true}]}}